{"id":1999,"date":"2016-11-15T14:52:33","date_gmt":"2016-11-15T14:52:33","guid":{"rendered":"http:\/\/smartwpress.com\/lucille\/?page_id=1999"},"modified":"2021-02-05T11:30:19","modified_gmt":"2021-02-05T10:30:19","slug":"main-page","status":"publish","type":"page","link":"https:\/\/spicywasher.fr\/","title":{"rendered":"Main Page"},"content":{"rendered":"<p>[vc_row][vc_column][rev_slider_vc alias=\u00a0\u00bbSliderMainDemo\u00a0\u00bb][\/vc_column][\/vc_row][vc_row js_color_overlay=\u00a0\u00bb#1b1b1b\u00a0\u00bb][vc_column css=\u00a0\u00bb.vc_custom_1479811878528{margin-top: 0px !important;}\u00a0\u00bb][vc_row_inner css=\u00a0\u00bb.vc_custom_1479812469116{margin-top: 80px !important;margin-bottom: 60px !important;}\u00a0\u00bb][vc_column_inner]\t\r\n\t<div class=\"lc_vc_section_title text_center\">\r\n\t\t\t\r\n\t\t\t<h2 class=\"section_title\">Prochains <span class=\"lc_vibrant_color\">Concerts<\/span><\/h2>\r\n\t\t\t\r\n\r\n\t\t\t\r\n\t\t\t<h4 class=\"section_subtitle\">Futures dates<\/h4>\r\n\t\t\t\r\n\t<\/div>\r\n\t\r\n\t[\/vc_column_inner][\/vc_row_inner][vc_row_inner css=\u00a0\u00bb.vc_custom_1479812495937{margin-top: 80px !important;margin-bottom: 80px !important;}\u00a0\u00bb][vc_column_inner]\t\t<div class=\"lc_swp_boxed no_events_msg\">\r\n\t\t\tNo events for now, please check again later.\t\t<\/div>\r\n\t[\/vc_column_inner][\/vc_row_inner][\/vc_column][\/vc_row][vc_row][vc_column][vc_row_inner css=\u00a0\u00bb.vc_custom_1480013705392{margin-top: 80px !important;margin-bottom: 60px !important;}\u00a0\u00bb][vc_column_inner]\t\r\n\t<div class=\"lc_vc_section_title text_center\">\r\n\t\t\t\r\n\t\t\t<h2 class=\"section_title\">Nouvel <span class=\"lc_vibrant_color\">Album<\/span><\/h2>\r\n\t\t\t\r\n\r\n\t\t\t\r\n\t\t\t<h4 class=\"section_subtitle\">Spicy Washer - Just to play<\/h4>\r\n\t\t\t\r\n\t<\/div>\r\n\t\r\n\t[\/vc_column_inner][\/vc_row_inner][vc_row_inner css=\u00a0\u00bb.vc_custom_1480013713667{margin-top: 60px !important;margin-bottom: 80px !important;}\u00a0\u00bb][vc_column_inner]\t<div class=\"lc_swp_boxed clearfix\">\r\n\t\t<div class=\"album_left vc_elem_album\">\r\n\t\t\t<a href=\"https:\/\/spicywasher.fr\/index.php\/js_albums\/justtoplay\/\">\r\n\t\t\t\t<img width=\"722\" height=\"722\" src=\"https:\/\/spicywasher.fr\/wp-content\/uploads\/2016\/11\/42238219_2208010942821468_3528636996001988608_n.jpg\" class=\"attachment-post-thumbnail size-post-thumbnail wp-post-image\" alt=\"\" decoding=\"async\" loading=\"lazy\" srcset=\"https:\/\/spicywasher.fr\/wp-content\/uploads\/2016\/11\/42238219_2208010942821468_3528636996001988608_n.jpg 722w, https:\/\/spicywasher.fr\/wp-content\/uploads\/2016\/11\/42238219_2208010942821468_3528636996001988608_n-150x150.jpg 150w, https:\/\/spicywasher.fr\/wp-content\/uploads\/2016\/11\/42238219_2208010942821468_3528636996001988608_n-300x300.jpg 300w\" sizes=\"(max-width: 722px) 100vw, 722px\" \/>\t\t\t<\/a>\r\n\t\t<\/div>\r\n\t\t\r\n\t\t<div class=\"album_right vc_elem_album\">\r\n\t\t\t<div class=\"album_tracks\"><div class=\"single_track\"><div class=\"track_name\"><span class=\"track_order\">1.<\/span>Just to play<\/div><!--[if lt IE 9]><script>document.createElement('audio');<\/script><![endif]-->\n<audio class=\"wp-audio-shortcode\" id=\"audio-1999-1\" preload=\"none\" style=\"width: 100%;\" controls=\"controls\"><source type=\"audio\/mpeg\" src=\"https:\/\/spicywasher.fr\/wp-content\/uploads\/2016\/11\/Just-to-play.mp3?_=1\" \/><a href=\"https:\/\/spicywasher.fr\/wp-content\/uploads\/2016\/11\/Just-to-play.mp3\">https:\/\/spicywasher.fr\/wp-content\/uploads\/2016\/11\/Just-to-play.mp3<\/a><\/audio><\/div><div class=\"single_track\"><div class=\"track_name\"><span class=\"track_order\">2.<\/span>One more time<\/div><audio class=\"wp-audio-shortcode\" id=\"audio-1999-2\" preload=\"none\" style=\"width: 100%;\" controls=\"controls\"><source type=\"audio\/mpeg\" src=\"https:\/\/spicywasher.fr\/wp-content\/uploads\/2016\/11\/One-more-time.mp3?_=2\" \/><a href=\"https:\/\/spicywasher.fr\/wp-content\/uploads\/2016\/11\/One-more-time.mp3\">https:\/\/spicywasher.fr\/wp-content\/uploads\/2016\/11\/One-more-time.mp3<\/a><\/audio><\/div><div class=\"single_track\"><div class=\"track_name\"><span class=\"track_order\">3.<\/span>Ghost Town<\/div><audio class=\"wp-audio-shortcode\" id=\"audio-1999-3\" preload=\"none\" style=\"width: 100%;\" controls=\"controls\"><source type=\"audio\/mpeg\" src=\"https:\/\/spicywasher.fr\/wp-content\/uploads\/2016\/11\/Ghost-Town.mp3?_=3\" \/><a href=\"https:\/\/spicywasher.fr\/wp-content\/uploads\/2016\/11\/Ghost-Town.mp3\">https:\/\/spicywasher.fr\/wp-content\/uploads\/2016\/11\/Ghost-Town.mp3<\/a><\/audio><\/div><div class=\"single_track\"><div class=\"track_name\"><span class=\"track_order\">4.<\/span>Dog In The House<\/div><audio class=\"wp-audio-shortcode\" id=\"audio-1999-4\" preload=\"none\" style=\"width: 100%;\" controls=\"controls\"><source type=\"audio\/mpeg\" src=\"https:\/\/spicywasher.fr\/wp-content\/uploads\/2016\/11\/Dog-In-The-House.mp3?_=4\" \/><a href=\"https:\/\/spicywasher.fr\/wp-content\/uploads\/2016\/11\/Dog-In-The-House.mp3\">https:\/\/spicywasher.fr\/wp-content\/uploads\/2016\/11\/Dog-In-The-House.mp3<\/a><\/audio><\/div><div class=\"single_track\"><div class=\"track_name\"><span class=\"track_order\">5.<\/span>My name is black<\/div><audio class=\"wp-audio-shortcode\" id=\"audio-1999-5\" preload=\"none\" style=\"width: 100%;\" controls=\"controls\"><source type=\"audio\/mpeg\" src=\"https:\/\/spicywasher.fr\/wp-content\/uploads\/2016\/11\/My-name-is-black.mp3?_=5\" \/><a href=\"https:\/\/spicywasher.fr\/wp-content\/uploads\/2016\/11\/My-name-is-black.mp3\">https:\/\/spicywasher.fr\/wp-content\/uploads\/2016\/11\/My-name-is-black.mp3<\/a><\/audio><\/div><div class=\"single_track\"><div class=\"track_name\"><span class=\"track_order\">6.<\/span>Bomb in my Head<\/div><audio class=\"wp-audio-shortcode\" id=\"audio-1999-6\" preload=\"none\" style=\"width: 100%;\" controls=\"controls\"><source type=\"audio\/mpeg\" src=\"https:\/\/spicywasher.fr\/wp-content\/uploads\/2016\/11\/Bomb-in-my-Head.mp3?_=6\" \/><a href=\"https:\/\/spicywasher.fr\/wp-content\/uploads\/2016\/11\/Bomb-in-my-Head.mp3\">https:\/\/spicywasher.fr\/wp-content\/uploads\/2016\/11\/Bomb-in-my-Head.mp3<\/a><\/audio><\/div><div class=\"single_track\"><div class=\"track_name\"><span class=\"track_order\">7.<\/span>Thirsty Friday<\/div><audio class=\"wp-audio-shortcode\" id=\"audio-1999-7\" preload=\"none\" style=\"width: 100%;\" controls=\"controls\"><source type=\"audio\/mpeg\" src=\"https:\/\/spicywasher.fr\/wp-content\/uploads\/2016\/11\/Thirsty-Friday.mp3?_=7\" \/><a href=\"https:\/\/spicywasher.fr\/wp-content\/uploads\/2016\/11\/Thirsty-Friday.mp3\">https:\/\/spicywasher.fr\/wp-content\/uploads\/2016\/11\/Thirsty-Friday.mp3<\/a><\/audio><\/div><\/div><div class=\"small_content_padding\"><\/div>\t\t\t<div class=\"lc_event_entry text_left\">\r\n\t\t\t\t\t\t\t\t\t<div class=\"lc_button album_buy_from\">\r\n\t\t\t\t\t\t<a target=\"_blank\" href=\"https:\/\/www.celestinerecords.com\">\r\n\t\t\t\t\t\t\tStudio Celestine Records\t\t\t\t\t\t<\/a>\r\n\t\t\t\t\t<\/div>\r\n\t\t\t\t\r\n\t\t\t\t\t\t\t\t\t<div class=\"lc_button album_buy_from\">\r\n\t\t\t\t\t\t<a target=\"_blank\" href=\"https:\/\/www.facebook.com\/commerce\/products\/2012816252072041\/?rid=1610526369236598&#038;rt=39\">\r\n\t\t\t\t\t\t\tAcheter depuis Facebook\t\t\t\t\t\t<\/a>\r\n\t\t\t\t\t<\/div>\r\n\t\t\t\t\r\n\t\t\t\t\t\t\t\t\t<div class=\"lc_button album_buy_from\">\r\n\t\t\t\t\t\t<a target=\"_blank\" href=\"https:\/\/www.amazon.com\/gp\/product\/B07K15MYTN\/ref=dm_ws_sp_ps_dp\">\r\n\t\t\t\t\t\t\tAcheter depuis Amazon\t\t\t\t\t\t<\/a>\r\n\t\t\t\t\t<\/div>\r\n\t\t\t\t\r\n\t\t\t\t\t\t\t\t\t<div class=\"lc_button album_buy_from\">\r\n\t\t\t\t\t\t<a target=\"_blank\" href=\"https:\/\/music.apple.com\/fr\/album\/just-to-play\/1440578003\">\r\n\t\t\t\t\t\t\tAcheter depuis Apple\t\t\t\t\t\t<\/a>\r\n\t\t\t\t\t<\/div>\r\n\t\t\t\t\r\n\t\t\t\t\r\n\t\t\t\t\t\t\t<\/div>\t\t\t\r\n\t\t<\/div>\r\n\t\t\r\n\t<\/div>\r\n[\/vc_column_inner][\/vc_row_inner][\/vc_column][\/vc_row][vc_row js_color_overlay=\u00a0\u00bb#1b1b1b\u00a0\u00bb][vc_column][vc_row_inner css=\u00a0\u00bb.vc_custom_1480013935062{margin-top: 80px !important;margin-bottom: 60px !important;}\u00a0\u00bb][vc_column_inner]\t\r\n\t<div class=\"lc_vc_section_title text_center\">\r\n\t\t\t\r\n\t\t\t<h2 class=\"section_title\">Pr\u00e9sentation du <span class=\"lc_vibrant_color\">Groupe<\/span><\/h2>\r\n\t\t\t\r\n\r\n\t\t\t\r\n\t\t\t<h4 class=\"section_subtitle\">Spicy Washer<\/h4>\r\n\t\t\t\r\n\t<\/div>\r\n\t\r\n\t[\/vc_column_inner][\/vc_row_inner][vc_row_inner css=\u00a0\u00bb.vc_custom_1565914952750{margin-top: 0px !important;margin-right: 10px !important;margin-left: 10px !important;padding-bottom: 80px !important;}\u00a0\u00bb][vc_column_inner width=\u00a0\u00bb1\/5&Prime;][vc_single_image image=\u00a0\u00bb2777&Prime; alignment=\u00a0\u00bbcenter\u00a0\u00bb style=\u00a0\u00bbvc_box_circle_2&Prime; css_animation=\u00a0\u00bbfadeInDown\u00a0\u00bb][vc_column_text css_animation=\u00a0\u00bbfadeIn\u00a0\u00bb]<\/p>\n<h4 style=\"text-align: center;\">Ambre<\/h4>\n<h6 style=\"text-align: center;\">Chanteuse \/ Guitariste \/ Auteure \/ Compositrice<\/h6>\n<p style=\"text-align: justify;\">Ambre chante depuis son plus jeune \u00e2ge, mais ses d\u00e9buts sur sc\u00e8ne se font \u00e0 <em>Jazz\u2019in College<\/em> au Z\u00e9nith de Pau &#8211; en tant que soliste &#8211; alors qu\u2019elle est \u00e2g\u00e9e de 13 ans. Talentueuse et d\u00e9termin\u00e9e, elle int\u00e8gre le conservatoire de Pau en 2012, puis plusieurs \u00e9coles de musique Paloises telles que <em>Lollypop Rock<\/em> ou encore le CMA.<\/p>\n<p style=\"text-align: justify;\">Mais Ambre aime les challenges, et ne compte pas s\u2019arr\u00eater l\u00e0\u00a0: Elle participera par la suite \u00e0 plusieurs concours de chant dont celui de <em>Radio Inside<\/em>, qu\u2019elle remportera.<\/p>\n<p>[\/vc_column_text][\/vc_column_inner][vc_column_inner width=\u00a0\u00bb1\/5&Prime;][vc_single_image image=\u00a0\u00bb2778&Prime; alignment=\u00a0\u00bbcenter\u00a0\u00bb css_animation=\u00a0\u00bbfadeInDown\u00a0\u00bb][vc_column_text css_animation=\u00a0\u00bbfadeIn\u00a0\u00bb]<\/p>\n<h4 style=\"text-align: center;\">J\u00e9r\u00e9mie<\/h4>\n<h6 style=\"text-align: center;\">Guitariste \/ Compositeur<\/h6>\n<p style=\"text-align: justify;\">C\u2019est au piano que J\u00e9r\u00e9mie fait ses premiers pas musicaux. Curieux et touche \u00e0 tout, il se dirige ensuite vers la trompette pour enfin se d\u00e9couvrir de r\u00e9elles affinit\u00e9s avec la guitare, devenue son instrument f\u00e9tiche.<\/p>\n<p style=\"text-align: justify;\">Avec d\u00e9sormais 8 ans de pratique derri\u00e8re lui, il n\u2019a rien perdu de son envie n\u00e9e des notes de Chuck Berry et de ses mythiques riffs rock\u2019n\u2019roll.<\/p>\n<p>[\/vc_column_text][\/vc_column_inner][vc_column_inner width=\u00a0\u00bb1\/5&Prime;][vc_single_image image=\u00a0\u00bb2779&Prime; alignment=\u00a0\u00bbcenter\u00a0\u00bb css_animation=\u00a0\u00bbfadeInDown\u00a0\u00bb][vc_column_text css_animation=\u00a0\u00bbfadeIn\u00a0\u00bb]<\/p>\n<h4 style=\"text-align: center;\">Romain<\/h4>\n<h6 style=\"text-align: center;\">Guitariste \/ Bassiste\/ Batteur \/ Compositeur<\/h6>\n<p style=\"text-align: justify;\">Ag\u00e9 de 23 ans, cet autodidacte multi-instrumentiste (basse, batterie, harmonica, mandoline, piano\u2026), a jou\u00e9 avec plusieurs groupes de garage rock et au sein de divers projets lyc\u00e9ens.<\/p>\n<p style=\"text-align: justify;\">Guitariste depuis plus de 10 ans et passionn\u00e9 depuis toujours, il continue de montrer toute l&rsquo;\u00e9tendue de son talent avec ses principaux groupes : <em>MINES, Fa si barr\u00e9<\/em>, et \u00e9videmment <em>Spicy Washer<\/em> qu\u2019il a rejoint d\u00e9but 2019.<\/p>\n<p>[\/vc_column_text][\/vc_column_inner][vc_column_inner width=\u00a0\u00bb1\/5&Prime;][vc_single_image image=\u00a0\u00bb2780&Prime; alignment=\u00a0\u00bbcenter\u00a0\u00bb css_animation=\u00a0\u00bbfadeInDown\u00a0\u00bb][vc_column_text css_animation=\u00a0\u00bbfadeIn\u00a0\u00bb]<\/p>\n<h4 style=\"text-align: center;\">Logan<\/h4>\n<h6 style=\"text-align: center;\">Bassiste \/ Compositeur<\/h6>\n<p><span class=\"_5yl5\">Grand amoureux de musique, c\u2019est \u00e0 l\u2019\u00e2ge de 14 ans que Logan d\u00e9couvre sa passion pour la Guitare basse. Venu tout droit des Antilles, c\u2019est avec le Reggae, le Gospel et la Funk qu\u2019il fait ses d\u00e9buts, n\u00e9anmoins comme tout musicien qui se respecte, il a soif de nouveaut\u00e9 et de d\u00e9couverte. C\u2019est donc \u00e0 20 ans qu\u2019il s\u2019adonne au Rock en int\u00e9grant les \u00ab Livestocks \u00bb.<\/span><\/p>\n<p><span class=\"_5yl5\">En arrivant en France en 2013, il a fait parti de plusieurs petites formations, avant d\u2019int\u00e9grer, il y a 1 an les \u00ab Eighteen Curtis \u00bb et bien \u00e9videmment \u00ab Spicy Washer \u00bb qu\u2019il rejoint fin 2019.<\/span>[\/vc_column_text][\/vc_column_inner][vc_column_inner width=\u00a0\u00bb1\/5&Prime;][vc_single_image image=\u00a0\u00bb2781&Prime; alignment=\u00a0\u00bbcenter\u00a0\u00bb css_animation=\u00a0\u00bbfadeInDown\u00a0\u00bb][vc_column_text css_animation=\u00a0\u00bbfadeIn\u00a0\u00bb]<\/p>\n<h4 style=\"text-align: center;\">Bastien<\/h4>\n<h6 style=\"text-align: center;\">Batteur \/ Compositeur<\/h6>\n<p>Lorsqu\u2019il a 16 ans, en 2010, Bastien apprend toutes les bases de la batterie avec la personne qui, plus tard, deviendra un de ses meilleurs amis. Quelques mois plus tard, il monte sur les planches avec son 1<sup>er<\/sup> groupe <em>Wave Mountain<\/em> et apr\u00e8s 3 ans de concerts, une maquette et un single enregistr\u00e9s, ils arr\u00eateront apr\u00e8s le d\u00e9part du chanteur puis du bassiste.<\/p>\n<p>Avide de jouer derri\u00e8re ses f\u00fbts, la m\u00eame ann\u00e9e, il int\u00e8gre <em>L\u2019Ensemble Musique Actuelle<\/em> de l\u2019\u00e9cole de musique d\u2019Orthez mais son aventure ne s\u2019arr\u00eate pas l\u00e0, puisqu\u2019il rejoint \u00e9galement le collectif <em>Ces Enfoir\u00e9s d\u2019Orth\u00e9ziens<\/em> puis Ni!l et Spicy Washer en 2019[\/vc_column_text][\/vc_column_inner][\/vc_row_inner][\/vc_column][\/vc_row][vc_row video_bg=\u00a0\u00bbyes\u00a0\u00bb video_bg_url=\u00a0\u00bbhttps:\/\/www.youtube.com\/watch?v=WEhxm_vY_tQ\u00a0\u00bb js_color_overlay=\u00a0\u00bbrgba(15,15,15,0.92)\u00a0\u00bb][vc_column][vc_row_inner css=\u00a0\u00bb.vc_custom_1480014278927{margin-top: 80px !important;margin-bottom: 60px !important;}\u00a0\u00bb][vc_column_inner]\t\r\n\t<div class=\"lc_vc_section_title text_center\">\r\n\t\t\t\r\n\t\t\t<h2 class=\"section_title\">Envoyez-nous un <span class=\"lc_vibrant_color\">message<\/span><\/h2>\r\n\t\t\t\r\n\r\n\t\t\t\r\n\t\t\t<h4 class=\"section_subtitle\">Nous contacter<\/h4>\r\n\t\t\t\r\n\t<\/div>\r\n\t\r\n\t[\/vc_column_inner][\/vc_row_inner][vc_row_inner css=\u00a0\u00bb.vc_custom_1480014287409{margin-top: 60px !important;margin-bottom: 80px !important;}\u00a0\u00bb][vc_column_inner]\t<div class=\"lc_swp_boxed\">\r\n\t\t<div class=\"lucille_contactform vc_lc_contactform\">\r\n\t\t\t<form class=\"lucille_contactform\">\t\t\t\t\t\t\r\n\t\t\t\t<ul class=\"contactform_fields\">\r\n\r\n\t\t\t\t\t<li class=\"comment-form-author vc_lc_element lucille_cf_entry three_on_row three_on_row_layout\">\r\n\t\t\t\t\t\t<input type=\"text\" placeholder=\"Nom \" name=\"contactName\" id=\"contactName\" class=\"lucille_cf_input required requiredField contactNameInput\" \/>\r\n\t\t\t\t\t\t<div class=\"lucille_cf_error\">Veuillez entrer votre nom<\/div>\r\n\t\t\t\t\t<\/li>\r\n\r\n\t\t\t\t\t<li class=\"comment-form-email vc_lc_element lucille_cf_entry three_on_row three_on_row_layout\">\r\n\t\t\t\t\t\t<input type=\"text\" placeholder=\"Email \" name=\"email\" id=\"contactemail\" class=\"lucille_cf_input required requiredField email\" \/>\r\n\t\t\t\t\t\t<div class=\"lucille_cf_error\">Veuillez entrer une adresse Email<\/div>\r\n\t\t\t\t\t<\/li>\r\n\r\n\t\t\t\t\t<li class=\"comment-form-url vc_lc_element lucille_cf_entry three_on_row three_on_row_layout\">\r\n\t\t\t\t\t\t<input type=\"text\" placeholder=\"T\u00e9l\u00e9phone \" name=\"phone\" id=\"phone\" class=\"lucille_cf_input\" \/>\r\n\t\t\t\t\t<\/li>\r\n\r\n\t\t\t\t\t<li class=\"comment-form-comment vc_lc_element lucille_cf_entry\">\r\n\t\t\t\t\t\t<textarea name=\"comments\" placeholder=\"Message\" id=\"commentsText\" rows=\"10\" cols=\"30\" class=\"lucille_cf_input required requiredField contactMessageInput\"><\/textarea>\r\n\t\t\t\t\t\t<div class=\"lucille_cf_error\">Veuillez entrer un message<\/div>\r\n\t\t\t\t\t<\/li>\r\n\r\n\t\t\t\t\t<li class=\"captcha_error lucille_cf_error\">\r\n\t\t\t\t\t\t<span class=\"error\">Incorrect reCaptcha. Please enter reCaptcha challenge.<\/span>\r\n\t\t\t\t\t<\/li>\r\n\r\n\t\t\t\t\t<li class=\"wp_mail_error\">\r\n\t\t\t\t\t\t<div class=\"lucille_cf_error\">Impossible d&#039;envoyer l&#039;email, une erreur s&#039;est produite. Veuillez essayer plus tard.<\/div>\r\n\t\t\t\t\t<\/li>\t\r\n\r\n\t\t\t\t\t<li class=\"formResultOK\">\r\n\t\t\t\t\t\t<div class=\"lucille_cf_error\">Votre message a bien \u00e9t\u00e9 envoy\u00e9. Merci !<\/div>\r\n\t\t\t\t\t<\/li>\r\n\t\t\t\t\t\t\t\t\t\t<li>\r\n\t\t\t\t\t\t<input name=\"Button1\" type=\"submit\" id=\"submit\" class=\"lc_button\" value=\"Envoyer l&#039;Email\" >\r\n\t\t\t\t\t\t\t\t\t\t\t<\/li>\r\n\r\n\t\t\t\t<\/ul>\r\n\t\t\t\t<input type=\"hidden\" name=\"action\" value=\"lucillecontactform_action\" \/>\r\n\t\t\t\t<input type=\"hidden\" id=\"contactform_nonce\" name=\"contactform_nonce\" value=\"38efcacd9c\" \/><input type=\"hidden\" name=\"_wp_http_referer\" value=\"\/index.php\/wp-json\/wp\/v2\/pages\/1999\" \/>\t\t\t<\/form>\r\n\t\t<\/div>\r\n\t<\/div>\r\n\t[\/vc_column_inner][\/vc_row_inner][\/vc_column][\/vc_row]<\/p>\n","protected":false},"excerpt":{"rendered":"<p>[vc_row][vc_column][rev_slider_vc alias=\u00a0\u00bbSliderMainDemo\u00a0\u00bb][\/vc_column][\/vc_row][vc_row js_color_overlay=\u00a0\u00bb#1b1b1b\u00a0\u00bb][vc_column css=\u00a0\u00bb.vc_custom_1479811878528{margin-top: 0px !important;}\u00a0\u00bb][vc_row_inner css=\u00a0\u00bb.vc_custom_1479812469116{margin-top: 80px !important;margin-bottom: 60px !important;}\u00a0\u00bb][vc_column_inner][\/vc_column_inner][\/vc_row_inner][vc_row_inner css=\u00a0\u00bb.vc_custom_1479812495937{margin-top: 80px !important;margin-bottom: 80px !important;}\u00a0\u00bb][vc_column_inner][\/vc_column_inner][\/vc_row_inner][\/vc_column][\/vc_row][vc_row][vc_column][vc_row_inner css=\u00a0\u00bb.vc_custom_1480013705392{margin-top: 80px !important;margin-bottom: 60px !important;}\u00a0\u00bb][vc_column_inner][\/vc_column_inner][\/vc_row_inner][vc_row_inner css=\u00a0\u00bb.vc_custom_1480013713667{margin-top: 60px !important;margin-bottom: 80px !important;}\u00a0\u00bb][vc_column_inner][\/vc_column_inner][\/vc_row_inner][\/vc_column][\/vc_row][vc_row js_color_overlay=\u00a0\u00bb#1b1b1b\u00a0\u00bb][vc_column][vc_row_inner css=\u00a0\u00bb.vc_custom_1480013935062{margin-top: 80px !important;margin-bottom: 60px !important;}\u00a0\u00bb][vc_column_inner][\/vc_column_inner][\/vc_row_inner][vc_row_inner css=\u00a0\u00bb.vc_custom_1565914952750{margin-top: 0px !important;margin-right: 10px !important;margin-left: 10px !important;padding-bottom: 80px&#8230;<\/p>\n","protected":false},"author":1,"featured_media":0,"parent":0,"menu_order":0,"comment_status":"closed","ping_status":"closed","template":"template-visual-composer.php","meta":[],"_links":{"self":[{"href":"https:\/\/spicywasher.fr\/index.php\/wp-json\/wp\/v2\/pages\/1999"}],"collection":[{"href":"https:\/\/spicywasher.fr\/index.php\/wp-json\/wp\/v2\/pages"}],"about":[{"href":"https:\/\/spicywasher.fr\/index.php\/wp-json\/wp\/v2\/types\/page"}],"author":[{"embeddable":true,"href":"https:\/\/spicywasher.fr\/index.php\/wp-json\/wp\/v2\/users\/1"}],"replies":[{"embeddable":true,"href":"https:\/\/spicywasher.fr\/index.php\/wp-json\/wp\/v2\/comments?post=1999"}],"version-history":[{"count":47,"href":"https:\/\/spicywasher.fr\/index.php\/wp-json\/wp\/v2\/pages\/1999\/revisions"}],"predecessor-version":[{"id":2782,"href":"https:\/\/spicywasher.fr\/index.php\/wp-json\/wp\/v2\/pages\/1999\/revisions\/2782"}],"wp:attachment":[{"href":"https:\/\/spicywasher.fr\/index.php\/wp-json\/wp\/v2\/media?parent=1999"}],"curies":[{"name":"wp","href":"https:\/\/api.w.org\/{rel}","templated":true}]}}